{"id":93,"date":"2016-03-16T12:49:27","date_gmt":"2016-03-16T10:49:27","guid":{"rendered":"http:\/\/apologeticindex.info\/wpn\/?page_id=93"},"modified":"2016-10-24T08:58:17","modified_gmt":"2016-10-24T06:58:17","slug":"brosuri-apologetice","status":"publish","type":"page","link":"https:\/\/apologeticindex.info\/wpn\/brosuri-apologetice\/","title":{"rendered":"Bro\u0219uri apologetice"},"content":{"rendered":"<p>\u00cen aceast\u0103 sec\u021biune a site-ului v\u0103 invit\u0103m s\u0103 citi\u021bi c\u00e2teva bro\u0219uri apologetice traduse din limba englez\u0103.<\/p>\n<blockquote><p><a href=\"http:\/\/apologeticindex.info\/wpn\/wp-content\/uploads\/2016\/03\/Pericolele-Planului-Daniel-al-lui-Rick-Warren-A-5.pdf\"><img loading=\"lazy\" decoding=\"async\" class=\"alignleft wp-image-109 size-medium\" src=\"http:\/\/apologeticindex.info\/wpn\/wp-content\/uploads\/2016\/03\/TPericolele-Planului-Daniel-al-lui-Rick-Warren-A-4-v2-300x212.jpg\" alt=\"Pericolele Planului Daniel al lui Rick Warren\" width=\"300\" height=\"212\" srcset=\"https:\/\/apologeticindex.info\/wpn\/wp-content\/uploads\/2016\/03\/TPericolele-Planului-Daniel-al-lui-Rick-Warren-A-4-v2-300x212.jpg 300w, https:\/\/apologeticindex.info\/wpn\/wp-content\/uploads\/2016\/03\/TPericolele-Planului-Daniel-al-lui-Rick-Warren-A-4-v2-768x543.jpg 768w, https:\/\/apologeticindex.info\/wpn\/wp-content\/uploads\/2016\/03\/TPericolele-Planului-Daniel-al-lui-Rick-Warren-A-4-v2-1024x724.jpg 1024w\" sizes=\"auto, (max-width: 300px) 100vw, 300px\" \/><\/a><\/p>\n<p><a href=\"http:\/\/apologeticindex.info\/wpn\/wp-content\/uploads\/2016\/03\/Pericolele-Planului-Daniel-al-lui-Rick-Warren-A-5.pdf\">1.Pericolele planului Daniel al lui Rick Warren<\/a><\/p><\/blockquote>\n<p>&nbsp;<\/p>\n<p>&nbsp;<\/p>\n<p>&nbsp;<\/p>\n<p>&nbsp;<\/p>\n<p>&nbsp;<\/p>\n<p>&nbsp;<\/p>\n<blockquote><p><a href=\"http:\/\/apologeticindex.info\/wpn\/wp-content\/uploads\/2016\/03\/Atractiile-deosebite-New-Age-ale-pastorului-Bill-Johnson-A-5.pdf\"><img loading=\"lazy\" decoding=\"async\" class=\"alignleft wp-image-111 size-medium\" src=\"http:\/\/apologeticindex.info\/wpn\/wp-content\/uploads\/2016\/03\/Atractiile-deosdebite-pentru-New-Age-ale-lui-Bill-Johnson-300x212.jpg\" alt=\"Atractiile deosdebite pentru New Age ale lui Bill Johnson\" width=\"300\" height=\"212\" srcset=\"https:\/\/apologeticindex.info\/wpn\/wp-content\/uploads\/2016\/03\/Atractiile-deosdebite-pentru-New-Age-ale-lui-Bill-Johnson-300x212.jpg 300w, https:\/\/apologeticindex.info\/wpn\/wp-content\/uploads\/2016\/03\/Atractiile-deosdebite-pentru-New-Age-ale-lui-Bill-Johnson-768x543.jpg 768w, https:\/\/apologeticindex.info\/wpn\/wp-content\/uploads\/2016\/03\/Atractiile-deosdebite-pentru-New-Age-ale-lui-Bill-Johnson-1024x724.jpg 1024w\" sizes=\"auto, (max-width: 300px) 100vw, 300px\" \/><\/a><a href=\"http:\/\/apologeticindex.info\/wpn\/wp-content\/uploads\/2016\/03\/Atractiile-deosebite-New-Age-ale-pastorului-Bill-Johnson-A-5.pdf\" target=\"_blank\">2.Atrac\u021biile deosebite pentru New Age ale pastorului Bill Johnson de la biserica Bethel din Redding, California<\/a><\/p><\/blockquote>\n<p>&nbsp;<\/p>\n<p>&nbsp;<\/p>\n<p>&nbsp;<\/p>\n<p>&nbsp;<\/p>\n<p>&nbsp;<\/p>\n<p>&nbsp;<\/p>\n<p>&nbsp;<\/p>\n<blockquote><p><a href=\"http:\/\/apologeticindex.info\/wpn\/wp-content\/uploads\/2016\/03\/Noua-misiologie-Facind-misiuni-fara-Evanghelie-A-5.pdf\" rel=\"\">3<\/a><a href=\"http:\/\/apologeticindex.info\/wpn\/wp-content\/uploads\/2016\/03\/Noua-misiologie-Facind-misiuni-fara-Evanghelie-A-5.pdf\"><img loading=\"lazy\" decoding=\"async\" class=\"alignleft wp-image-108 size-medium\" src=\"http:\/\/apologeticindex.info\/wpn\/wp-content\/uploads\/2016\/03\/Noua-misiologie-F\u0103c\u00e2nd-misiuni-f\u0103r\u0103-Evanghelie-A-4__-300x212.jpg\" alt=\"Noua misiologie, F\u0103c\u00e2nd misiuni f\u0103r\u0103 Evanghelie\" width=\"300\" height=\"212\" srcset=\"https:\/\/apologeticindex.info\/wpn\/wp-content\/uploads\/2016\/03\/Noua-misiologie-F\u0103c\u00e2nd-misiuni-f\u0103r\u0103-Evanghelie-A-4__-300x212.jpg 300w, https:\/\/apologeticindex.info\/wpn\/wp-content\/uploads\/2016\/03\/Noua-misiologie-F\u0103c\u00e2nd-misiuni-f\u0103r\u0103-Evanghelie-A-4__-768x543.jpg 768w, https:\/\/apologeticindex.info\/wpn\/wp-content\/uploads\/2016\/03\/Noua-misiologie-F\u0103c\u00e2nd-misiuni-f\u0103r\u0103-Evanghelie-A-4__-1024x724.jpg 1024w\" sizes=\"auto, (max-width: 300px) 100vw, 300px\" \/><\/a><a href=\"http:\/\/apologeticindex.info\/wpn\/wp-content\/uploads\/2016\/03\/Noua-misiologie-Facind-misiuni-fara-Evanghelie-A-5.pdf\" rel=\"\">.Noua misiologie \u2013 F\u0103c\u00e2nd misiuni fara Evanghelie<\/a><\/p><\/blockquote>\n<p>&nbsp;<\/p>\n<p>&nbsp;<\/p>\n<p>&nbsp;<\/p>\n<p>&nbsp;<\/p>\n<p>&nbsp;<\/p>\n<p>&nbsp;<\/p>\n<blockquote><p><a href=\"http:\/\/apologeticindex.info\/wpn\/wp-content\/uploads\/2016\/03\/Implicatiile-New-Age-ale-cartii-Chemarea-lui-Isus-A-5.pdf\"><img loading=\"lazy\" decoding=\"async\" class=\"alignleft wp-image-106 size-medium\" src=\"http:\/\/apologeticindex.info\/wpn\/wp-content\/uploads\/2016\/03\/Implicatiile-New-Age-ale-cartii-Chemarea-lui-Isus-A-4__-300x212.jpg\" alt=\"\" width=\"300\" height=\"212\" srcset=\"https:\/\/apologeticindex.info\/wpn\/wp-content\/uploads\/2016\/03\/Implicatiile-New-Age-ale-cartii-Chemarea-lui-Isus-A-4__-300x212.jpg 300w, https:\/\/apologeticindex.info\/wpn\/wp-content\/uploads\/2016\/03\/Implicatiile-New-Age-ale-cartii-Chemarea-lui-Isus-A-4__-768x543.jpg 768w, https:\/\/apologeticindex.info\/wpn\/wp-content\/uploads\/2016\/03\/Implicatiile-New-Age-ale-cartii-Chemarea-lui-Isus-A-4__-1024x724.jpg 1024w\" sizes=\"auto, (max-width: 300px) 100vw, 300px\" \/><\/a><\/p>\n<p><a href=\"http:\/\/apologeticindex.info\/wpn\/wp-content\/uploads\/2016\/03\/Implicatiile-New-Age-ale-cartii-Chemarea-lui-Isus-A-5.pdf\" rel=\"\">4.Implicatiile New Age ale cartii Chemarea lui Isus<\/a><\/p><\/blockquote>\n<p>&nbsp;<\/p>\n<p>&nbsp;<\/p>\n<p>&nbsp;<\/p>\n<p>&nbsp;<\/p>\n<p>&nbsp;<\/p>\n<p>&nbsp;<\/p>\n<blockquote><p><a href=\"http:\/\/apologeticindex.info\/wpn\/wp-content\/uploads\/2016\/03\/Modificari-facute-in-cartea-Chemarea-lui-Isus-A-5.pdf\" rel=\"\">5. <\/a><a href=\"http:\/\/apologeticindex.info\/wpn\/wp-content\/uploads\/2016\/03\/Modificari-facute-in-cartea-Chemarea-lui-Isus-A-5.pdf\"><img loading=\"lazy\" decoding=\"async\" class=\"alignleft wp-image-107 size-medium\" src=\"http:\/\/apologeticindex.info\/wpn\/wp-content\/uploads\/2016\/03\/Modific\u0103ri-f\u0103cute-\u00een-cartea-Chemarea-lui-Isus-A-4__-300x212.jpg\" alt=\"Modific\u0103ri f\u0103cute \u00een cartea Chemarea lui Isus = A-4__\" width=\"300\" height=\"212\" srcset=\"https:\/\/apologeticindex.info\/wpn\/wp-content\/uploads\/2016\/03\/Modific\u0103ri-f\u0103cute-\u00een-cartea-Chemarea-lui-Isus-A-4__-300x212.jpg 300w, https:\/\/apologeticindex.info\/wpn\/wp-content\/uploads\/2016\/03\/Modific\u0103ri-f\u0103cute-\u00een-cartea-Chemarea-lui-Isus-A-4__-768x543.jpg 768w, https:\/\/apologeticindex.info\/wpn\/wp-content\/uploads\/2016\/03\/Modific\u0103ri-f\u0103cute-\u00een-cartea-Chemarea-lui-Isus-A-4__-1024x724.jpg 1024w\" sizes=\"auto, (max-width: 300px) 100vw, 300px\" \/><\/a><a href=\"http:\/\/apologeticindex.info\/wpn\/wp-content\/uploads\/2016\/03\/Modificari-facute-in-cartea-Chemarea-lui-Isus-A-5.pdf\" rel=\"\">Modificari facute in cartea \u201dChemarea lui Isus\u201d \u2013 Limitarea daunelor pentru promovarea unui Cristos fals<\/a><\/p><\/blockquote>\n<p>&nbsp;<\/p>\n<p>&nbsp;<\/p>\n<p>&nbsp;<\/p>\n<p>&nbsp;<\/p>\n<p>&nbsp;<\/p>\n<p>&nbsp;<\/p>\n<blockquote><p><a href=\"http:\/\/apologeticindex.info\/wpn\/wp-content\/uploads\/2016\/03\/Crislamul-un-amestec-al-Islamului-cu-Crestinismul-A-5.pdf\" rel=\"attachment wp-att-105\"><img loading=\"lazy\" decoding=\"async\" class=\"alignleft size-medium wp-image-105\" src=\"http:\/\/apologeticindex.info\/wpn\/wp-content\/uploads\/2016\/03\/Crislamul-un-amestec-al-Islamului-cu-Crestinismul-A-4-300x212.jpg\" alt=\"Crislamul, un amestec al Islamului cu Crestinismul (A-4)\" width=\"300\" height=\"212\" srcset=\"https:\/\/apologeticindex.info\/wpn\/wp-content\/uploads\/2016\/03\/Crislamul-un-amestec-al-Islamului-cu-Crestinismul-A-4-300x212.jpg 300w, https:\/\/apologeticindex.info\/wpn\/wp-content\/uploads\/2016\/03\/Crislamul-un-amestec-al-Islamului-cu-Crestinismul-A-4-768x543.jpg 768w, https:\/\/apologeticindex.info\/wpn\/wp-content\/uploads\/2016\/03\/Crislamul-un-amestec-al-Islamului-cu-Crestinismul-A-4-1024x724.jpg 1024w\" sizes=\"auto, (max-width: 300px) 100vw, 300px\" \/><\/a><a href=\"http:\/\/apologeticindex.info\/wpn\/wp-content\/uploads\/2016\/03\/Crislamul-un-amestec-al-Islamului-cu-Crestinismul-A-5.pdf\" rel=\"\">6.Crislamul \u2013 un amestec al Crestinismului cu Islamul<\/a><\/p><\/blockquote>\n<p>&nbsp;<\/p>\n<p>&nbsp;<\/p>\n<p>&nbsp;<\/p>\n<p>&nbsp;<\/p>\n<p>&nbsp;<\/p>\n<p>&nbsp;<\/p>\n<p>&nbsp;<\/p>\n<blockquote><p><a href=\"http:\/\/apologeticindex.info\/wpn\/wp-content\/uploads\/2016\/03\/Un-Nucleu-Comun-pentru-o-comunitate-globala-A-5.pdf\" rel=\"attachment wp-att-110\"><img loading=\"lazy\" decoding=\"async\" class=\"alignleft size-medium wp-image-110\" src=\"http:\/\/apologeticindex.info\/wpn\/wp-content\/uploads\/2016\/03\/Un-Nucleu-Comun-pentru-o-comunitate-globala-A-4-300x212.jpg\" alt=\"Un Nucleu Comun pentru o comunitate globala (A-4)\" width=\"300\" height=\"212\" srcset=\"https:\/\/apologeticindex.info\/wpn\/wp-content\/uploads\/2016\/03\/Un-Nucleu-Comun-pentru-o-comunitate-globala-A-4-300x212.jpg 300w, https:\/\/apologeticindex.info\/wpn\/wp-content\/uploads\/2016\/03\/Un-Nucleu-Comun-pentru-o-comunitate-globala-A-4-768x543.jpg 768w, https:\/\/apologeticindex.info\/wpn\/wp-content\/uploads\/2016\/03\/Un-Nucleu-Comun-pentru-o-comunitate-globala-A-4-1024x724.jpg 1024w\" sizes=\"auto, (max-width: 300px) 100vw, 300px\" \/><\/a><a href=\"http:\/\/apologeticindex.info\/wpn\/wp-content\/uploads\/2016\/03\/Un-Nucleu-Comun-pentru-o-comunitate-globala-A-5.pdf\" rel=\"\">7. Un &#8221;Nucleu Comun&#8221; pentru o comunitate globala<\/a><\/p><\/blockquote>\n<p>&nbsp;<\/p>\n<p>&nbsp;<\/p>\n<p>&nbsp;<\/p>\n<p>&nbsp;<\/p>\n<p>&nbsp;<\/p>\n<p>&nbsp;<\/p>\n<p>&nbsp;<\/p>\n<blockquote><p><a href=\"http:\/\/apologeticindex.info\/wpn\/wp-content\/uploads\/2016\/03\/My-Journey-out-of-catholicism-_ro_A-4.jpg\"><img loading=\"lazy\" decoding=\"async\" class=\"alignleft size-medium wp-image-537\" src=\"http:\/\/apologeticindex.info\/wpn\/wp-content\/uploads\/2016\/03\/My-Journey-out-of-catholicism-_ro_A-4-300x212.jpg\" alt=\"my-journey-out-of-catholicism-_ro_a-4\" width=\"300\" height=\"212\" srcset=\"https:\/\/apologeticindex.info\/wpn\/wp-content\/uploads\/2016\/03\/My-Journey-out-of-catholicism-_ro_A-4-300x212.jpg 300w, https:\/\/apologeticindex.info\/wpn\/wp-content\/uploads\/2016\/03\/My-Journey-out-of-catholicism-_ro_A-4-768x543.jpg 768w, https:\/\/apologeticindex.info\/wpn\/wp-content\/uploads\/2016\/03\/My-Journey-out-of-catholicism-_ro_A-4-1024x724.jpg 1024w\" sizes=\"auto, (max-width: 300px) 100vw, 300px\" \/><\/a>8.\u00a0<a href=\"http:\/\/apologeticindex.info\/wpn\/wp-content\/uploads\/2016\/10\/Renuntarea-mea-la-catolicism.pdf\">Renuntarea mea la catolicism<\/a><\/p><\/blockquote>\n<p>&nbsp;<\/p>\n<p>&nbsp;<\/p>\n<p>&nbsp;<\/p>\n<p>&nbsp;<\/p>\n<p>&nbsp;<\/p>\n<blockquote><p><a href=\"http:\/\/apologeticindex.info\/wpn\/wp-content\/uploads\/2016\/03\/The-Shack-Its-New-Age-Leaven_ro_A4.jpg\"><img loading=\"lazy\" decoding=\"async\" class=\"alignleft size-medium wp-image-536\" src=\"http:\/\/apologeticindex.info\/wpn\/wp-content\/uploads\/2016\/03\/The-Shack-Its-New-Age-Leaven_ro_A4-300x212.jpg\" alt=\"the-shack-its-new-age-leaven_ro_a4\" width=\"300\" height=\"212\" srcset=\"https:\/\/apologeticindex.info\/wpn\/wp-content\/uploads\/2016\/03\/The-Shack-Its-New-Age-Leaven_ro_A4-300x212.jpg 300w, https:\/\/apologeticindex.info\/wpn\/wp-content\/uploads\/2016\/03\/The-Shack-Its-New-Age-Leaven_ro_A4-768x543.jpg 768w, https:\/\/apologeticindex.info\/wpn\/wp-content\/uploads\/2016\/03\/The-Shack-Its-New-Age-Leaven_ro_A4-1024x724.jpg 1024w\" sizes=\"auto, (max-width: 300px) 100vw, 300px\" \/><\/a>9.\u00a0<a href=\"http:\/\/apologeticindex.info\/wpn\/wp-content\/uploads\/2016\/10\/Baraca-A5.pdf\">Cartea \u201ccre\u0219tin\u0103\u201d BARACA \u0219i drojdia sa New Age<\/a><\/p><\/blockquote>\n<p>&nbsp;<\/p>\n<p>&nbsp;<\/p>\n<p>&nbsp;<\/p>\n<p>&nbsp;<\/p>\n<p>&nbsp;<\/p>\n<p>Bro\u0219urile originale pot fi g\u0103site pe site-ul\u00a0<a href=\"http:\/\/www.lighthousetrails.com\/mm5\/merchant.mvc?Screen=PROD&amp;Store_Code=LTP&amp;Product_Code=BKT-PK-ALL&amp;Category_Code=BKT\">Lighthouse Trails<\/a><\/p>\n<p>&nbsp;<\/p>\n<p>Descarc\u0103 coper\u021bile bro\u0219urilor \u00een varianta pentru tipar:<\/p>\n<p><a href=\"http:\/\/apologeticindex.info\/wpn\/wp-content\/uploads\/2016\/03\/TPericolele-Planului-Daniel-al-lui-Rick-Warren-A-4-v2-1.jpg\"><img loading=\"lazy\" decoding=\"async\" class=\"aligncenter wp-image-156 size-full\" src=\"http:\/\/apologeticindex.info\/wpn\/wp-content\/uploads\/2016\/03\/TPericolele-Planului-Daniel-al-lui-Rick-Warren-A-4-v2-1.jpg\" alt=\"1.Pericolele planului Daniel al lui Rick Warren\" width=\"2138\" height=\"1512\" srcset=\"https:\/\/apologeticindex.info\/wpn\/wp-content\/uploads\/2016\/03\/TPericolele-Planului-Daniel-al-lui-Rick-Warren-A-4-v2-1.jpg 2138w, https:\/\/apologeticindex.info\/wpn\/wp-content\/uploads\/2016\/03\/TPericolele-Planului-Daniel-al-lui-Rick-Warren-A-4-v2-1-300x212.jpg 300w, https:\/\/apologeticindex.info\/wpn\/wp-content\/uploads\/2016\/03\/TPericolele-Planului-Daniel-al-lui-Rick-Warren-A-4-v2-1-768x543.jpg 768w, https:\/\/apologeticindex.info\/wpn\/wp-content\/uploads\/2016\/03\/TPericolele-Planului-Daniel-al-lui-Rick-Warren-A-4-v2-1-1024x724.jpg 1024w\" sizes=\"auto, (max-width: 2138px) 100vw, 2138px\" \/><\/a><\/p>\n<p>&nbsp;<\/p>\n<p><a href=\"http:\/\/apologeticindex.info\/wpn\/wp-content\/uploads\/2016\/03\/Atractiile-deosdebite-pentru-New-Age-ale-lui-Bill-Johnson-1.jpg\"><img loading=\"lazy\" decoding=\"async\" class=\"aligncenter size-full wp-image-151\" src=\"http:\/\/apologeticindex.info\/wpn\/wp-content\/uploads\/2016\/03\/Atractiile-deosdebite-pentru-New-Age-ale-lui-Bill-Johnson-1.jpg\" alt=\"2.Atrac\u021biile deosebite pentru New Age ale pastorului Bill Johnson de la biserica Bethel din Redding, California\" width=\"2138\" height=\"1512\" srcset=\"https:\/\/apologeticindex.info\/wpn\/wp-content\/uploads\/2016\/03\/Atractiile-deosdebite-pentru-New-Age-ale-lui-Bill-Johnson-1.jpg 2138w, https:\/\/apologeticindex.info\/wpn\/wp-content\/uploads\/2016\/03\/Atractiile-deosdebite-pentru-New-Age-ale-lui-Bill-Johnson-1-300x212.jpg 300w, https:\/\/apologeticindex.info\/wpn\/wp-content\/uploads\/2016\/03\/Atractiile-deosdebite-pentru-New-Age-ale-lui-Bill-Johnson-1-768x543.jpg 768w, https:\/\/apologeticindex.info\/wpn\/wp-content\/uploads\/2016\/03\/Atractiile-deosdebite-pentru-New-Age-ale-lui-Bill-Johnson-1-1024x724.jpg 1024w\" sizes=\"auto, (max-width: 2138px) 100vw, 2138px\" \/><\/a><\/p>\n<p>&nbsp;<\/p>\n<p><a href=\"http:\/\/apologeticindex.info\/wpn\/wp-content\/uploads\/2016\/03\/Noua-misiologie-F\u255fc\u00e2nd-misiuni-f\u255fr\u255f-Evanghelie-A-4__.jpg\"><img loading=\"lazy\" decoding=\"async\" class=\"aligncenter size-full wp-image-155\" src=\"http:\/\/apologeticindex.info\/wpn\/wp-content\/uploads\/2016\/03\/Noua-misiologie-F\u255fc\u00e2nd-misiuni-f\u255fr\u255f-Evanghelie-A-4__.jpg\" alt=\"3. Noua misiologie, F\u0103c\u00e2nd misiuni f\u0103r\u0103 Evanghelie.Noua misiologie \u2013 F\u0103c\u00e2nd misiuni fara Evanghelie\" width=\"2969\" height=\"2100\" srcset=\"https:\/\/apologeticindex.info\/wpn\/wp-content\/uploads\/2016\/03\/Noua-misiologie-F\u255fc\u00e2nd-misiuni-f\u255fr\u255f-Evanghelie-A-4__.jpg 2969w, https:\/\/apologeticindex.info\/wpn\/wp-content\/uploads\/2016\/03\/Noua-misiologie-F\u255fc\u00e2nd-misiuni-f\u255fr\u255f-Evanghelie-A-4__-300x212.jpg 300w, https:\/\/apologeticindex.info\/wpn\/wp-content\/uploads\/2016\/03\/Noua-misiologie-F\u255fc\u00e2nd-misiuni-f\u255fr\u255f-Evanghelie-A-4__-768x543.jpg 768w, https:\/\/apologeticindex.info\/wpn\/wp-content\/uploads\/2016\/03\/Noua-misiologie-F\u255fc\u00e2nd-misiuni-f\u255fr\u255f-Evanghelie-A-4__-1024x724.jpg 1024w\" sizes=\"auto, (max-width: 2969px) 100vw, 2969px\" \/><\/a><\/p>\n<p>&nbsp;<\/p>\n<p><a href=\"http:\/\/apologeticindex.info\/wpn\/wp-content\/uploads\/2016\/03\/Implicatiile-New-Age-ale-cartii-Chemarea-lui-Isus-A-4__-1.jpg\"><img loading=\"lazy\" decoding=\"async\" class=\"aligncenter size-full wp-image-153\" src=\"http:\/\/apologeticindex.info\/wpn\/wp-content\/uploads\/2016\/03\/Implicatiile-New-Age-ale-cartii-Chemarea-lui-Isus-A-4__-1.jpg\" alt=\"4.Implicatiile New Age ale cartii Chemarea lui Isus\" width=\"2138\" height=\"1512\" srcset=\"https:\/\/apologeticindex.info\/wpn\/wp-content\/uploads\/2016\/03\/Implicatiile-New-Age-ale-cartii-Chemarea-lui-Isus-A-4__-1.jpg 2138w, https:\/\/apologeticindex.info\/wpn\/wp-content\/uploads\/2016\/03\/Implicatiile-New-Age-ale-cartii-Chemarea-lui-Isus-A-4__-1-300x212.jpg 300w, https:\/\/apologeticindex.info\/wpn\/wp-content\/uploads\/2016\/03\/Implicatiile-New-Age-ale-cartii-Chemarea-lui-Isus-A-4__-1-768x543.jpg 768w, https:\/\/apologeticindex.info\/wpn\/wp-content\/uploads\/2016\/03\/Implicatiile-New-Age-ale-cartii-Chemarea-lui-Isus-A-4__-1-1024x724.jpg 1024w\" sizes=\"auto, (max-width: 2138px) 100vw, 2138px\" \/><\/a><\/p>\n<p>&nbsp;<\/p>\n<p><a href=\"http:\/\/apologeticindex.info\/wpn\/wp-content\/uploads\/2016\/03\/Modific\u255fri-f\u255fcute-\u00een-cartea-Chemarea-lui-Isus-A-4__.jpg\"><img loading=\"lazy\" decoding=\"async\" class=\"aligncenter size-full wp-image-154\" src=\"http:\/\/apologeticindex.info\/wpn\/wp-content\/uploads\/2016\/03\/Modific\u255fri-f\u255fcute-\u00een-cartea-Chemarea-lui-Isus-A-4__.jpg\" alt=\"5. Modific\u0103ri f\u0103cute \u00een cartea Chemarea lui Isus = A-4__Modificari facute in cartea \u201dChemarea lui Isus\u201d \u2013 Limitarea daunelor pentru promovarea unui Cristos fals\" width=\"2138\" height=\"1512\" srcset=\"https:\/\/apologeticindex.info\/wpn\/wp-content\/uploads\/2016\/03\/Modific\u255fri-f\u255fcute-\u00een-cartea-Chemarea-lui-Isus-A-4__.jpg 2138w, https:\/\/apologeticindex.info\/wpn\/wp-content\/uploads\/2016\/03\/Modific\u255fri-f\u255fcute-\u00een-cartea-Chemarea-lui-Isus-A-4__-300x212.jpg 300w, https:\/\/apologeticindex.info\/wpn\/wp-content\/uploads\/2016\/03\/Modific\u255fri-f\u255fcute-\u00een-cartea-Chemarea-lui-Isus-A-4__-768x543.jpg 768w, https:\/\/apologeticindex.info\/wpn\/wp-content\/uploads\/2016\/03\/Modific\u255fri-f\u255fcute-\u00een-cartea-Chemarea-lui-Isus-A-4__-1024x724.jpg 1024w\" sizes=\"auto, (max-width: 2138px) 100vw, 2138px\" \/><\/a><\/p>\n<p>&nbsp;<\/p>\n<p><a href=\"http:\/\/apologeticindex.info\/wpn\/wp-content\/uploads\/2016\/03\/Crislamul-un-amestec-al-Islamului-cu-Crestinismul-A-4.jpg\"><img loading=\"lazy\" decoding=\"async\" class=\"aligncenter size-full wp-image-105\" src=\"http:\/\/apologeticindex.info\/wpn\/wp-content\/uploads\/2016\/03\/Crislamul-un-amestec-al-Islamului-cu-Crestinismul-A-4.jpg\" alt=\"6.Crislamul \u2013 un amestec al Crestinismului cu Islamul\" width=\"2969\" height=\"2100\" srcset=\"https:\/\/apologeticindex.info\/wpn\/wp-content\/uploads\/2016\/03\/Crislamul-un-amestec-al-Islamului-cu-Crestinismul-A-4.jpg 2969w, https:\/\/apologeticindex.info\/wpn\/wp-content\/uploads\/2016\/03\/Crislamul-un-amestec-al-Islamului-cu-Crestinismul-A-4-300x212.jpg 300w, https:\/\/apologeticindex.info\/wpn\/wp-content\/uploads\/2016\/03\/Crislamul-un-amestec-al-Islamului-cu-Crestinismul-A-4-768x543.jpg 768w, https:\/\/apologeticindex.info\/wpn\/wp-content\/uploads\/2016\/03\/Crislamul-un-amestec-al-Islamului-cu-Crestinismul-A-4-1024x724.jpg 1024w\" sizes=\"auto, (max-width: 2969px) 100vw, 2969px\" \/><\/a><\/p>\n<p>&nbsp;<\/p>\n<p><a href=\"http:\/\/apologeticindex.info\/wpn\/wp-content\/uploads\/2016\/03\/Un-Nucleu-Comun-pentru-o-comunitate-globala-A-4-1.jpg\"><img loading=\"lazy\" decoding=\"async\" class=\"aligncenter size-full wp-image-157\" src=\"http:\/\/apologeticindex.info\/wpn\/wp-content\/uploads\/2016\/03\/Un-Nucleu-Comun-pentru-o-comunitate-globala-A-4-1.jpg\" alt=\"7. Un \u201dNucleu Comun\u201d pentru o comunitate globala\" width=\"2138\" height=\"1512\" srcset=\"https:\/\/apologeticindex.info\/wpn\/wp-content\/uploads\/2016\/03\/Un-Nucleu-Comun-pentru-o-comunitate-globala-A-4-1.jpg 2138w, https:\/\/apologeticindex.info\/wpn\/wp-content\/uploads\/2016\/03\/Un-Nucleu-Comun-pentru-o-comunitate-globala-A-4-1-300x212.jpg 300w, https:\/\/apologeticindex.info\/wpn\/wp-content\/uploads\/2016\/03\/Un-Nucleu-Comun-pentru-o-comunitate-globala-A-4-1-768x543.jpg 768w, https:\/\/apologeticindex.info\/wpn\/wp-content\/uploads\/2016\/03\/Un-Nucleu-Comun-pentru-o-comunitate-globala-A-4-1-1024x724.jpg 1024w\" sizes=\"auto, (max-width: 2138px) 100vw, 2138px\" \/><\/a><\/p>\n<p><a href=\"http:\/\/apologeticindex.info\/wpn\/wp-content\/uploads\/2016\/03\/My-Journey-out-of-catholicism-_ro_A-4.jpg\"><img loading=\"lazy\" decoding=\"async\" class=\"alignleft size-full wp-image-537\" src=\"http:\/\/apologeticindex.info\/wpn\/wp-content\/uploads\/2016\/03\/My-Journey-out-of-catholicism-_ro_A-4.jpg\" alt=\"my-journey-out-of-catholicism-_ro_a-4\" width=\"2138\" height=\"1512\" srcset=\"https:\/\/apologeticindex.info\/wpn\/wp-content\/uploads\/2016\/03\/My-Journey-out-of-catholicism-_ro_A-4.jpg 2138w, https:\/\/apologeticindex.info\/wpn\/wp-content\/uploads\/2016\/03\/My-Journey-out-of-catholicism-_ro_A-4-300x212.jpg 300w, https:\/\/apologeticindex.info\/wpn\/wp-content\/uploads\/2016\/03\/My-Journey-out-of-catholicism-_ro_A-4-768x543.jpg 768w, https:\/\/apologeticindex.info\/wpn\/wp-content\/uploads\/2016\/03\/My-Journey-out-of-catholicism-_ro_A-4-1024x724.jpg 1024w\" sizes=\"auto, (max-width: 2138px) 100vw, 2138px\" \/><\/a><\/p>\n<p><a href=\"http:\/\/apologeticindex.info\/wpn\/wp-content\/uploads\/2016\/03\/The-Shack-Its-New-Age-Leaven_ro_A4.jpg\"><img loading=\"lazy\" decoding=\"async\" class=\"alignleft size-full wp-image-536\" src=\"http:\/\/apologeticindex.info\/wpn\/wp-content\/uploads\/2016\/03\/The-Shack-Its-New-Age-Leaven_ro_A4.jpg\" alt=\"the-shack-its-new-age-leaven_ro_a4\" width=\"2138\" height=\"1512\" srcset=\"https:\/\/apologeticindex.info\/wpn\/wp-content\/uploads\/2016\/03\/The-Shack-Its-New-Age-Leaven_ro_A4.jpg 2138w, https:\/\/apologeticindex.info\/wpn\/wp-content\/uploads\/2016\/03\/The-Shack-Its-New-Age-Leaven_ro_A4-300x212.jpg 300w, https:\/\/apologeticindex.info\/wpn\/wp-content\/uploads\/2016\/03\/The-Shack-Its-New-Age-Leaven_ro_A4-768x543.jpg 768w, https:\/\/apologeticindex.info\/wpn\/wp-content\/uploads\/2016\/03\/The-Shack-Its-New-Age-Leaven_ro_A4-1024x724.jpg 1024w\" sizes=\"auto, (max-width: 2138px) 100vw, 2138px\" \/><\/a><\/p>\n","protected":false},"excerpt":{"rendered":"<div class=\"mh-excerpt\"><p>\u00cen aceast\u0103 sec\u021biune a site-ului v\u0103 invit\u0103m s\u0103 citi\u021bi c\u00e2teva bro\u0219uri apologetice traduse din limba englez\u0103. 1.Pericolele planului Daniel al lui Rick Warren &nbsp; &nbsp; &nbsp; &nbsp; &nbsp; &nbsp; 2.Atrac\u021biile deosebite pentru New Age ale <a class=\"mh-excerpt-more\" href=\"https:\/\/apologeticindex.info\/wpn\/brosuri-apologetice\/\" title=\"Bro\u0219uri apologetice\">[Cite\u0219te mai mult&#8230;]<\/a><\/p>\n<\/div>","protected":false},"author":1,"featured_media":23,"parent":0,"menu_order":0,"comment_status":"closed","ping_status":"closed","template":"","meta":{"footnotes":""},"class_list":["post-93","page","type-page","status-publish","has-post-thumbnail","hentry"],"_links":{"self":[{"href":"https:\/\/apologeticindex.info\/wpn\/wp-json\/wp\/v2\/pages\/93","targetHints":{"allow":["GET"]}}],"collection":[{"href":"https:\/\/apologeticindex.info\/wpn\/wp-json\/wp\/v2\/pages"}],"about":[{"href":"https:\/\/apologeticindex.info\/wpn\/wp-json\/wp\/v2\/types\/page"}],"author":[{"embeddable":true,"href":"https:\/\/apologeticindex.info\/wpn\/wp-json\/wp\/v2\/users\/1"}],"replies":[{"embeddable":true,"href":"https:\/\/apologeticindex.info\/wpn\/wp-json\/wp\/v2\/comments?post=93"}],"version-history":[{"count":30,"href":"https:\/\/apologeticindex.info\/wpn\/wp-json\/wp\/v2\/pages\/93\/revisions"}],"predecessor-version":[{"id":600,"href":"https:\/\/apologeticindex.info\/wpn\/wp-json\/wp\/v2\/pages\/93\/revisions\/600"}],"wp:featuredmedia":[{"embeddable":true,"href":"https:\/\/apologeticindex.info\/wpn\/wp-json\/wp\/v2\/media\/23"}],"wp:attachment":[{"href":"https:\/\/apologeticindex.info\/wpn\/wp-json\/wp\/v2\/media?parent=93"}],"curies":[{"name":"wp","href":"https:\/\/api.w.org\/{rel}","templated":true}]}}